{"id":164,"date":"2016-12-30T12:24:12","date_gmt":"2016-12-30T11:24:12","guid":{"rendered":"http:\/\/wl58www698.webland.ch\/?page_id=164"},"modified":"2023-07-31T10:09:26","modified_gmt":"2023-07-31T08:09:26","slug":"season-matchplay","status":"publish","type":"page","link":"http:\/\/www.hldc.ch\/?page_id=164","title":{"rendered":"Season Matchplay"},"content":{"rendered":"<p><b>Was ist Matchplay?<\/b><br \/>\nZwei zuf\u00e4llig ausgeloste Spieler treffen in einem Duell aufeinander und machen den Sieger unter sich aus. Wenn Spieler A auf einer Bahn weniger W\u00fcrfe ben\u00f6tigt als Spieler B, bekommt Spieler A einen Punkt. Es spielt keine Rolle ob es einen Wurf Unterschied ist oder ob es 5 oder mehr W\u00fcrfe sind. Bei Gleichstand bekommt an dieser Bahn kein Spieler einen Punkt. Am Ende werden die Punkte addiert und der Spieler mit den meisten Punkten gewinnt das Duell. Dabei ist es wichtig, dass solange gespielt wird, bis es einen Sieger gibt. Ein Unentschieden als Schlussresultat des Matches gibt es nicht. Bei einem solchen Fall wird auf Bahn 1 gestochen. Sollte nach der ersten Bahn kein Sieger feststehen, wird auf der Bahn 2 weitergespielt etc., bis ein Sieger feststeht. Nur der Gewinner der Begegnung zieht in die n\u00e4chste Runde ein.<\/p>\n<p><strong>Organisation der Matches<br \/>\n<\/strong>F\u00fcr die Organisation des Matches ist jeweils derjenige Spieler verantwortlich, welcher auf der Liste oben oder als erster aufgef\u00fchrt ist. Ein Matchplay muss mindestens \u00fcber 9 Bahnen durchgef\u00fchrt werden. Die Anzahl der Bahnen (Spielart) wird vor dem Matchplay durch die beiden Duellanten vereinbart. Der Spieltermin und die Spielart muss bis jeweils sp\u00e4testens 2 Tage vor dem Match vereinbart und per Mail an discgolf(at)hldc.ch mitgeteilt werden. Nicht innerhalb der Runden-Termine durchgef\u00fchrte Matches k\u00f6nnen nicht nachgeholt werden. Der jeweils unten aufgef\u00fchrte Spieler ist automatisch f\u00fcr die n\u00e4chste Runde qualifiziert. Die Anzahl Matchplay-Runden und die Termine werden rechtzeitig auf der Homepage publiziert und an alle angemeldeten Spieler per Mail verschickt werden.<\/p>\n<p><b>Hall of Fame der bisherigen Match-Play-Sieger:<\/b><br \/>\n2016 Christof Schlegel<br \/>\n2017 Christof Schlegel<br \/>\n2018 Noah Luard<br \/>\n2019 Mark Chardonnens<\/p>\n<p>HLDC beh\u00e4lt sich das Recht vor, auf den Veranstaltungen Bild- und Tonaufnahmen zu machen bzw. diese durch Dritte machen zu lassen und die entstandenen Aufnahmen zu Zwecken der Presse- und \u00d6ffentlichkeitsarbeit sowie zu Vermarktungszwecken einzusetzen. Die Teilnehmer d\u00fcrfen selbstgemachte Aufnahmen verwenden.<\/p>\n","protected":false},"excerpt":{"rendered":"<p>Was ist Matchplay? Zwei zuf\u00e4llig ausgeloste Spieler treffen in einem Duell aufeinander und machen den Sieger unter sich aus. Wenn Spieler A auf einer Bahn weniger W\u00fcrfe ben\u00f6tigt als Spieler B, bekommt Spieler A einen Punkt. Es spielt keine Rolle ob es einen Wurf Unterschied ist oder ob es 5 oder mehr W\u00fcrfe sind. Bei [&hellip;]<\/p>\n","protected":false},"author":1,"featured_media":0,"parent":48,"menu_order":50,"comment_status":"closed","ping_status":"closed","template":"","meta":{"footnotes":""},"class_list":["post-164","page","type-page","status-publish","hentry"],"_links":{"self":[{"href":"http:\/\/www.hldc.ch\/index.php?rest_route=\/wp\/v2\/pages\/164","targetHints":{"allow":["GET"]}}],"collection":[{"href":"http:\/\/www.hldc.ch\/index.php?rest_route=\/wp\/v2\/pages"}],"about":[{"href":"http:\/\/www.hldc.ch\/index.php?rest_route=\/wp\/v2\/types\/page"}],"author":[{"embeddable":true,"href":"http:\/\/www.hldc.ch\/index.php?rest_route=\/wp\/v2\/users\/1"}],"replies":[{"embeddable":true,"href":"http:\/\/www.hldc.ch\/index.php?rest_route=%2Fwp%2Fv2%2Fcomments&post=164"}],"version-history":[{"count":89,"href":"http:\/\/www.hldc.ch\/index.php?rest_route=\/wp\/v2\/pages\/164\/revisions"}],"predecessor-version":[{"id":578,"href":"http:\/\/www.hldc.ch\/index.php?rest_route=\/wp\/v2\/pages\/164\/revisions\/578"}],"up":[{"embeddable":true,"href":"http:\/\/www.hldc.ch\/index.php?rest_route=\/wp\/v2\/pages\/48"}],"wp:attachment":[{"href":"http:\/\/www.hldc.ch\/index.php?rest_route=%2Fwp%2Fv2%2Fmedia&parent=164"}],"curies":[{"name":"wp","href":"https:\/\/api.w.org\/{rel}","templated":true}]}}