{"id":43,"date":"2016-12-12T09:58:50","date_gmt":"2016-12-12T08:58:50","guid":{"rendered":"http:\/\/wl58www698.webland.ch\/?page_id=43"},"modified":"2017-01-03T08:14:19","modified_gmt":"2017-01-03T07:14:19","slug":"wo-wird-discgolf-gespielt","status":"publish","type":"page","link":"http:\/\/www.hldc.ch\/?page_id=43","title":{"rendered":"Wo wird Discgolf gespielt?"},"content":{"rendered":"<p>An folgenden Orten wird\u00a0Discgolf gespielt. Einige Parcours\u00a0stehen allen gratis zur Verf\u00fcgung. Einige Parcours sind permanent bespielbar (<strong><span style=\"color: #3366ff;\">Blau<\/span><\/strong>) und andere\u00a0werden\u00a0speziell f\u00fcr Turniere aufgebaut (<strong><span style=\"color: #ff6600;\">Orange<\/span><\/strong>).<br \/>\n<iframe loading=\"lazy\" src=\"https:\/\/www.google.com\/maps\/d\/embed?mid=11zy12p8BO9_PHbINNTyt-HlB83c\" width=\"640\" height=\"480\"><\/iframe><\/p>\n<p>F\u00fcr das Discgolfen ist nicht zwingend ein installierter Parcours notwendig. Discgolf kann auf jedem Feld, in jedem Waldst\u00fcck, auf Fussballfeldern usw. gespielt werden, solange der Eigent\u00fcmer einverstanden ist und keine Personen oder Einrichtungen, Pflanzen usw. gef\u00e4hrdet oder besch\u00e4digt werden.<\/p>\n","protected":false},"excerpt":{"rendered":"<p>An folgenden Orten wird\u00a0Discgolf gespielt. Einige Parcours\u00a0stehen allen gratis zur Verf\u00fcgung. Einige Parcours sind permanent bespielbar (Blau) und andere\u00a0werden\u00a0speziell f\u00fcr Turniere aufgebaut (Orange). F\u00fcr das Discgolfen ist nicht zwingend ein installierter Parcours notwendig. Discgolf kann auf jedem Feld, in jedem Waldst\u00fcck, auf Fussballfeldern usw. gespielt werden, solange der Eigent\u00fcmer einverstanden ist und keine Personen oder [&hellip;]<\/p>\n","protected":false},"author":1,"featured_media":0,"parent":9,"menu_order":0,"comment_status":"closed","ping_status":"closed","template":"","meta":{"footnotes":""},"class_list":["post-43","page","type-page","status-publish","hentry"],"_links":{"self":[{"href":"http:\/\/www.hldc.ch\/index.php?rest_route=\/wp\/v2\/pages\/43","targetHints":{"allow":["GET"]}}],"collection":[{"href":"http:\/\/www.hldc.ch\/index.php?rest_route=\/wp\/v2\/pages"}],"about":[{"href":"http:\/\/www.hldc.ch\/index.php?rest_route=\/wp\/v2\/types\/page"}],"author":[{"embeddable":true,"href":"http:\/\/www.hldc.ch\/index.php?rest_route=\/wp\/v2\/users\/1"}],"replies":[{"embeddable":true,"href":"http:\/\/www.hldc.ch\/index.php?rest_route=%2Fwp%2Fv2%2Fcomments&post=43"}],"version-history":[{"count":7,"href":"http:\/\/www.hldc.ch\/index.php?rest_route=\/wp\/v2\/pages\/43\/revisions"}],"predecessor-version":[{"id":197,"href":"http:\/\/www.hldc.ch\/index.php?rest_route=\/wp\/v2\/pages\/43\/revisions\/197"}],"up":[{"embeddable":true,"href":"http:\/\/www.hldc.ch\/index.php?rest_route=\/wp\/v2\/pages\/9"}],"wp:attachment":[{"href":"http:\/\/www.hldc.ch\/index.php?rest_route=%2Fwp%2Fv2%2Fmedia&parent=43"}],"curies":[{"name":"wp","href":"https:\/\/api.w.org\/{rel}","templated":true}]}}