{"id":48,"date":"2016-12-12T10:34:37","date_gmt":"2016-12-12T09:34:37","guid":{"rendered":"http:\/\/wl58www698.webland.ch\/?page_id=48"},"modified":"2020-02-01T16:50:24","modified_gmt":"2020-02-01T14:50:24","slug":"veranstaltungen","status":"publish","type":"page","link":"http:\/\/www.hldc.ch\/?page_id=48","title":{"rendered":"Veranstaltungen"},"content":{"rendered":"<p>Folgende Veranstaltungen werden durch den Highland Discgolf Club durchgef\u00fchrt:<\/p>\n<ul>\n<li><a href=\"http:\/\/wl58www698.webland.ch\/?page_id=76\">Highland Open<\/a> als Bestandteil der Swisstour (keine Durchf\u00fchrung im 2020)<\/li>\n<li><a href=\"http:\/\/wl58www698.webland.ch\/?page_id=78\">Niesen Open<\/a> als Regionalmeisterschaft BE\/FR 2020<\/li>\n<li><a href=\"http:\/\/wl58www698.webland.ch\/?page_id=164\">Season Matchplay<\/a> frei zug\u00e4nglich f\u00fcr Alle<\/li>\n<\/ul>\n<p>Die Swisstour besteht aus Einzelturnieren die an verschiedenen Standorten in der Schweiz durchgef\u00fchrt werden. Die Resultate der Einzelwertungen werden zu einem Gesamtergebnis zusammengezogen, wobei\u00a0Streichresultate ber\u00fccksichtigt werden. Die Swisstour richtet sich an Elite- und Breitensportler.<\/p>\n","protected":false},"excerpt":{"rendered":"<p>Folgende Veranstaltungen werden durch den Highland Discgolf Club durchgef\u00fchrt: Highland Open als Bestandteil der Swisstour (keine Durchf\u00fchrung im 2020) Niesen Open als Regionalmeisterschaft BE\/FR 2020 Season Matchplay frei zug\u00e4nglich f\u00fcr Alle Die Swisstour besteht aus Einzelturnieren die an verschiedenen Standorten in der Schweiz durchgef\u00fchrt werden. Die Resultate der Einzelwertungen werden zu einem Gesamtergebnis zusammengezogen, wobei\u00a0Streichresultate [&hellip;]<\/p>\n","protected":false},"author":1,"featured_media":0,"parent":0,"menu_order":20,"comment_status":"closed","ping_status":"closed","template":"","meta":{"footnotes":""},"class_list":["post-48","page","type-page","status-publish","hentry"],"_links":{"self":[{"href":"http:\/\/www.hldc.ch\/index.php?rest_route=\/wp\/v2\/pages\/48","targetHints":{"allow":["GET"]}}],"collection":[{"href":"http:\/\/www.hldc.ch\/index.php?rest_route=\/wp\/v2\/pages"}],"about":[{"href":"http:\/\/www.hldc.ch\/index.php?rest_route=\/wp\/v2\/types\/page"}],"author":[{"embeddable":true,"href":"http:\/\/www.hldc.ch\/index.php?rest_route=\/wp\/v2\/users\/1"}],"replies":[{"embeddable":true,"href":"http:\/\/www.hldc.ch\/index.php?rest_route=%2Fwp%2Fv2%2Fcomments&post=48"}],"version-history":[{"count":5,"href":"http:\/\/www.hldc.ch\/index.php?rest_route=\/wp\/v2\/pages\/48\/revisions"}],"predecessor-version":[{"id":444,"href":"http:\/\/www.hldc.ch\/index.php?rest_route=\/wp\/v2\/pages\/48\/revisions\/444"}],"wp:attachment":[{"href":"http:\/\/www.hldc.ch\/index.php?rest_route=%2Fwp%2Fv2%2Fmedia&parent=48"}],"curies":[{"name":"wp","href":"https:\/\/api.w.org\/{rel}","templated":true}]}}