{"id":53,"date":"2016-12-12T10:39:43","date_gmt":"2016-12-12T09:39:43","guid":{"rendered":"http:\/\/wl58www698.webland.ch\/?page_id=53"},"modified":"2018-12-29T16:39:20","modified_gmt":"2018-12-29T14:39:20","slug":"verein","status":"publish","type":"page","link":"http:\/\/www.hldc.ch\/?page_id=53","title":{"rendered":"Verein"},"content":{"rendered":"<p>Der Verein wurde im Jahre 2011 gegr\u00fcndet. Zweck des Clubs ist die F\u00f6rderung und die Verbreitung des Discgolfs sowie die kameradschaftliche Beziehung innerhalb des Clubs.<\/p>\n<p>Den Vereinszweck verfolgt der Highland Discgolf Club mittels regelm\u00e4ssiger vereinsinterner Anl\u00e4sse und Durchf\u00fchrung von Discgolf-Anl\u00e4ssen f\u00fcr Jedermann.<\/p>\n<p>Die Mitglieder des Highland Discgolf Clubs sind erfahrene Discgolf Spieler, die bereits in anderen Clubs Erfolge gefeiert haben. Mit Karin Rubin d\u00fcrfen wir die Europameisterin 2016 in der Kategorie Women Master unser Mitglied nennen.<\/p>\n","protected":false},"excerpt":{"rendered":"<p>Der Verein wurde im Jahre 2011 gegr\u00fcndet. Zweck des Clubs ist die F\u00f6rderung und die Verbreitung des Discgolfs sowie die kameradschaftliche Beziehung innerhalb des Clubs. Den Vereinszweck verfolgt der Highland Discgolf Club mittels regelm\u00e4ssiger vereinsinterner Anl\u00e4sse und Durchf\u00fchrung von Discgolf-Anl\u00e4ssen f\u00fcr Jedermann. Die Mitglieder des Highland Discgolf Clubs sind erfahrene Discgolf Spieler, die bereits in [&hellip;]<\/p>\n","protected":false},"author":1,"featured_media":0,"parent":0,"menu_order":30,"comment_status":"closed","ping_status":"closed","template":"","meta":{"footnotes":""},"class_list":["post-53","page","type-page","status-publish","hentry"],"_links":{"self":[{"href":"http:\/\/www.hldc.ch\/index.php?rest_route=\/wp\/v2\/pages\/53","targetHints":{"allow":["GET"]}}],"collection":[{"href":"http:\/\/www.hldc.ch\/index.php?rest_route=\/wp\/v2\/pages"}],"about":[{"href":"http:\/\/www.hldc.ch\/index.php?rest_route=\/wp\/v2\/types\/page"}],"author":[{"embeddable":true,"href":"http:\/\/www.hldc.ch\/index.php?rest_route=\/wp\/v2\/users\/1"}],"replies":[{"embeddable":true,"href":"http:\/\/www.hldc.ch\/index.php?rest_route=%2Fwp%2Fv2%2Fcomments&post=53"}],"version-history":[{"count":3,"href":"http:\/\/www.hldc.ch\/index.php?rest_route=\/wp\/v2\/pages\/53\/revisions"}],"predecessor-version":[{"id":358,"href":"http:\/\/www.hldc.ch\/index.php?rest_route=\/wp\/v2\/pages\/53\/revisions\/358"}],"wp:attachment":[{"href":"http:\/\/www.hldc.ch\/index.php?rest_route=%2Fwp%2Fv2%2Fmedia&parent=53"}],"curies":[{"name":"wp","href":"https:\/\/api.w.org\/{rel}","templated":true}]}}