{"id":558,"date":"2023-07-31T09:39:55","date_gmt":"2023-07-31T07:39:55","guid":{"rendered":"http:\/\/www.hldc.ch\/?page_id=558"},"modified":"2025-12-01T10:49:48","modified_gmt":"2025-12-01T08:49:48","slug":"ace-race-strokeplay","status":"publish","type":"page","link":"http:\/\/www.hldc.ch\/?page_id=558","title":{"rendered":"Ace-Race &amp; Strokeplay 2025"},"content":{"rendered":"\n<p><strong>Ziel<\/strong><br>Das Ziel des Events ist es, ein spannendes und unterhaltsames Ace Race im Discgolf zu veranstalten, bei dem die Teilnehmer die Chance haben, m\u00f6glichst viele &#8222;Aces&#8220; (Drappuio oder Hole-in-One) zu erzielen oder m\u00f6glichst viele \u00abMetall\u00bb (Ber\u00fchrung des Korbes) Ber\u00fchrungen zu erzielen und dabei ihre F\u00e4higkeiten und Freude am Discgolfspiel zu f\u00f6rdern. Unser Event ist als Fun-Event und f\u00fcr Einsteiger gedacht.<\/p>\n\n\n\n<p><strong>Anmeldung<\/strong><br>Du kannst dich direkt vor Ort beim Turnierstand melden.<\/p>\n\n\n\n<p><strong>Format<\/strong><\/p>\n\n\n\n<ul class=\"wp-block-list\">\n<li>Mindestens 12 Bahnen<\/li>\n\n\n\n<li>Die Bahnl\u00e4ngen sind zwischen 20m und 50m<\/li>\n\n\n\n<li>Jeder Spieler kann beliebig viele Runden spiele. Die Runde mit den meisten Punkten kommt in die Gesamtwertung<\/li>\n\n\n\n<li>Jeder Spieler kann alle seine Discs verwenden und es gibt keine Einschr\u00e4nkung<\/li>\n\n\n\n<li>F\u00fcr die ACE RACE Wertung z\u00e4hlt nur der erste Wurf. Trifft der Spieler dabei den Korb, so vermerkt er ein \u00abM\u00bb f\u00fcr Metalltreffer auf der Scorekarte. Erzielt er dabei eine Ace, dann vermerkt er ein \u00abA\u00bb<\/li>\n\n\n\n<li>Die Bahn wird im Strokeplay (Z\u00e4hlsystem) ausgespielt und das Ergebnis auf der Scorekarte festgehalten<\/li>\n<\/ul>\n\n\n\n<p><strong>Ort<\/strong><br>Disc Golf Parcours beim Camping Sutz am Bielersee<\/p>\n\n\n\n<p><strong>Datum<\/strong><br>Als Eintagesevent am Samstag, November 2025<\/p>\n\n\n\n<p>Erstes Tee-off startet um 10:00 Uhr<br>Letztes Tee-off startet um 15:00 Uhr<\/p>\n\n\n\n<p><strong>Kosten<\/strong><br>Jede Runde kostet CHF 5.&#8211;.<\/p>\n\n\n\n<p><strong>Parcours<\/strong><br>Der Standard-Parcours von Sutz bietet mit seinen kurzen Bahnen bereits spannende Ace-Race L\u00f6cher an. Wir werden jedoch die eine oder andere Bahn noch verk\u00fcrzen oder anders spielen. Die Grillstation wird von anderen Personen besetzt, daher spielen wir um diese herum. Der Parcoursplan ist in Metrix erstellt <a href=\"https:\/\/discgolfmetrix.com\/?u=map&amp;ID=35275\" target=\"_blank\" rel=\"noreferrer noopener\">https:\/\/discgolfmetrix.com\/?u=map&amp;ID=35275<\/a><\/p>\n\n\n\n<figure class=\"wp-block-image size-large\"><a href=\"http:\/\/www.hldc.ch\/wp-content\/uploads\/2023\/09\/Parcoursplan_Sutz.png\"><img loading=\"lazy\" decoding=\"async\" width=\"744\" height=\"1024\" src=\"http:\/\/www.hldc.ch\/wp-content\/uploads\/2023\/09\/Parcoursplan_Sutz-744x1024.png\" alt=\"\" class=\"wp-image-585\" srcset=\"http:\/\/www.hldc.ch\/wp-content\/uploads\/2023\/09\/Parcoursplan_Sutz-744x1024.png 744w, http:\/\/www.hldc.ch\/wp-content\/uploads\/2023\/09\/Parcoursplan_Sutz-218x300.png 218w, http:\/\/www.hldc.ch\/wp-content\/uploads\/2023\/09\/Parcoursplan_Sutz-768x1057.png 768w, http:\/\/www.hldc.ch\/wp-content\/uploads\/2023\/09\/Parcoursplan_Sutz-1x1.png 1w, http:\/\/www.hldc.ch\/wp-content\/uploads\/2023\/09\/Parcoursplan_Sutz.png 1007w\" sizes=\"auto, (max-width: 744px) 100vw, 744px\" \/><\/a><\/figure>\n\n\n\n<div style=\"height:28px\" aria-hidden=\"true\" class=\"wp-block-spacer\"><\/div>\n\n\n\n<p><strong>Rangliste<\/strong>n<\/p>\n\n\n\n<p>2025<\/p>\n\n\n\n<div data-wp-interactive=\"core\/file\" class=\"wp-block-file\"><object data-wp-bind--hidden=\"!state.hasPdfPreview\" hidden class=\"wp-block-file__embed\" data=\"http:\/\/www.hldc.ch\/wp-content\/uploads\/2025\/12\/Rangliste-AceRace-2025.pdf\" type=\"application\/pdf\" style=\"width:100%;height:600px\" aria-label=\"Einbettung von Rangliste AceRace 2025.\"><\/object><a id=\"wp-block-file--media-842f43ad-34be-449c-9e7b-008be33ab2f8\" href=\"http:\/\/www.hldc.ch\/wp-content\/uploads\/2025\/12\/Rangliste-AceRace-2025.pdf\">Rangliste AceRace 2025<\/a><a href=\"http:\/\/www.hldc.ch\/wp-content\/uploads\/2025\/12\/Rangliste-AceRace-2025.pdf\" class=\"wp-block-file__button wp-element-button\" download aria-describedby=\"wp-block-file--media-842f43ad-34be-449c-9e7b-008be33ab2f8\">Herunterladen<\/a><\/div>\n\n\n\n<p>2024<\/p>\n\n\n\n<div data-wp-interactive=\"core\/file\" class=\"wp-block-file\"><object data-wp-bind--hidden=\"!state.hasPdfPreview\" hidden class=\"wp-block-file__embed\" data=\"http:\/\/www.hldc.ch\/wp-content\/uploads\/2024\/12\/Rangliste-AceRace-2024.pdf\" type=\"application\/pdf\" style=\"width:100%;height:600px\" aria-label=\"Einbettung von Rangliste AceRace 2024.\"><\/object><a id=\"wp-block-file--media-cd9dce9e-94c7-42bb-b1a4-99d521f3c9d7\" href=\"http:\/\/www.hldc.ch\/wp-content\/uploads\/2024\/12\/Rangliste-AceRace-2024.pdf\">Rangliste AceRace 2024<\/a><a href=\"http:\/\/www.hldc.ch\/wp-content\/uploads\/2024\/12\/Rangliste-AceRace-2024.pdf\" class=\"wp-block-file__button wp-element-button\" download aria-describedby=\"wp-block-file--media-cd9dce9e-94c7-42bb-b1a4-99d521f3c9d7\">Herunterladen<\/a><\/div>\n\n\n\n<p>2023<\/p>\n\n\n\n<div data-wp-interactive=\"core\/file\" class=\"wp-block-file\"><object data-wp-bind--hidden=\"!state.hasPdfPreview\" hidden class=\"wp-block-file__embed\" data=\"http:\/\/www.hldc.ch\/wp-content\/uploads\/2024\/10\/Rangliste-AceRace.pdf\" type=\"application\/pdf\" style=\"width:100%;height:600px\" aria-label=\"Einbettung von Rangliste AceRace.\"><\/object><a id=\"wp-block-file--media-41e592e4-8211-4888-8c63-219a3312297a\" href=\"http:\/\/www.hldc.ch\/wp-content\/uploads\/2024\/10\/Rangliste-AceRace.pdf\">Rangliste AceRace<\/a><a href=\"http:\/\/www.hldc.ch\/wp-content\/uploads\/2024\/10\/Rangliste-AceRace.pdf\" class=\"wp-block-file__button wp-element-button\" download aria-describedby=\"wp-block-file--media-41e592e4-8211-4888-8c63-219a3312297a\">Herunterladen<\/a><\/div>\n","protected":false},"excerpt":{"rendered":"<p>ZielDas Ziel des Events ist es, ein spannendes und unterhaltsames Ace Race im Discgolf zu veranstalten, bei dem die Teilnehmer die Chance haben, m\u00f6glichst viele &#8222;Aces&#8220; (Drappuio oder Hole-in-One) zu erzielen oder m\u00f6glichst viele \u00abMetall\u00bb (Ber\u00fchrung des Korbes) Ber\u00fchrungen zu erzielen und dabei ihre F\u00e4higkeiten und Freude am Discgolfspiel zu f\u00f6rdern. Unser Event ist als [&hellip;]<\/p>\n","protected":false},"author":1,"featured_media":0,"parent":48,"menu_order":0,"comment_status":"closed","ping_status":"closed","template":"","meta":{"footnotes":""},"class_list":["post-558","page","type-page","status-publish","hentry"],"_links":{"self":[{"href":"http:\/\/www.hldc.ch\/index.php?rest_route=\/wp\/v2\/pages\/558","targetHints":{"allow":["GET"]}}],"collection":[{"href":"http:\/\/www.hldc.ch\/index.php?rest_route=\/wp\/v2\/pages"}],"about":[{"href":"http:\/\/www.hldc.ch\/index.php?rest_route=\/wp\/v2\/types\/page"}],"author":[{"embeddable":true,"href":"http:\/\/www.hldc.ch\/index.php?rest_route=\/wp\/v2\/users\/1"}],"replies":[{"embeddable":true,"href":"http:\/\/www.hldc.ch\/index.php?rest_route=%2Fwp%2Fv2%2Fcomments&post=558"}],"version-history":[{"count":20,"href":"http:\/\/www.hldc.ch\/index.php?rest_route=\/wp\/v2\/pages\/558\/revisions"}],"predecessor-version":[{"id":659,"href":"http:\/\/www.hldc.ch\/index.php?rest_route=\/wp\/v2\/pages\/558\/revisions\/659"}],"up":[{"embeddable":true,"href":"http:\/\/www.hldc.ch\/index.php?rest_route=\/wp\/v2\/pages\/48"}],"wp:attachment":[{"href":"http:\/\/www.hldc.ch\/index.php?rest_route=%2Fwp%2Fv2%2Fmedia&parent=558"}],"curies":[{"name":"wp","href":"https:\/\/api.w.org\/{rel}","templated":true}]}}