{"id":74,"date":"2016-12-13T13:54:35","date_gmt":"2016-12-13T12:54:35","guid":{"rendered":"http:\/\/wl58www698.webland.ch\/?page_id=74"},"modified":"2016-12-31T20:00:05","modified_gmt":"2016-12-31T19:00:05","slug":"woechentliches-training","status":"publish","type":"page","link":"http:\/\/www.hldc.ch\/?page_id=74","title":{"rendered":"W\u00f6chentliches Training"},"content":{"rendered":"<p>\u00dcbung macht den Meister! Wir treffen uns einmal pro Woche zum Trainieren.<\/p>\n<p>Wir trainieren verschiedene W\u00fcrfe, die an einem Turnier verwendet werden und steigern damit die Erfolgsquote der einzelnen W\u00fcrfe, um einen tiefen Score zu erreichen.<\/p>\n<ul>\n<li>Drive<\/li>\n<li>Approach<\/li>\n<li>Putten<\/li>\n<\/ul>\n<p>Dazu werden die verschiedenen Techniken ge\u00fcbt, wie bspw. das Werfen eines Hyzers (Kurve von Rechts nach Links) oder eines Anhyzers (Kurve von Links nach Rechts).<\/p>\n<p>W\u00e4hrend der Sommerzeit findet das Training unter der Woche statt. W\u00e4hrend der Winterzeit treffen wir uns am Wochenende. Die genauen Zeiten und Orte werden jeweils in unserer WhatsApp-Gruppe vereinbart.<\/p>\n<p>Termine f\u00fcr Schnuppertrainings findest du auf unserer Startseite.<\/p>\n","protected":false},"excerpt":{"rendered":"<p>\u00dcbung macht den Meister! Wir treffen uns einmal pro Woche zum Trainieren. Wir trainieren verschiedene W\u00fcrfe, die an einem Turnier verwendet werden und steigern damit die Erfolgsquote der einzelnen W\u00fcrfe, um einen tiefen Score zu erreichen. Drive Approach Putten Dazu werden die verschiedenen Techniken ge\u00fcbt, wie bspw. das Werfen eines Hyzers (Kurve von Rechts nach [&hellip;]<\/p>\n","protected":false},"author":1,"featured_media":0,"parent":48,"menu_order":30,"comment_status":"closed","ping_status":"closed","template":"","meta":{"footnotes":""},"class_list":["post-74","page","type-page","status-publish","hentry"],"_links":{"self":[{"href":"http:\/\/www.hldc.ch\/index.php?rest_route=\/wp\/v2\/pages\/74","targetHints":{"allow":["GET"]}}],"collection":[{"href":"http:\/\/www.hldc.ch\/index.php?rest_route=\/wp\/v2\/pages"}],"about":[{"href":"http:\/\/www.hldc.ch\/index.php?rest_route=\/wp\/v2\/types\/page"}],"author":[{"embeddable":true,"href":"http:\/\/www.hldc.ch\/index.php?rest_route=\/wp\/v2\/users\/1"}],"replies":[{"embeddable":true,"href":"http:\/\/www.hldc.ch\/index.php?rest_route=%2Fwp%2Fv2%2Fcomments&post=74"}],"version-history":[{"count":5,"href":"http:\/\/www.hldc.ch\/index.php?rest_route=\/wp\/v2\/pages\/74\/revisions"}],"predecessor-version":[{"id":189,"href":"http:\/\/www.hldc.ch\/index.php?rest_route=\/wp\/v2\/pages\/74\/revisions\/189"}],"up":[{"embeddable":true,"href":"http:\/\/www.hldc.ch\/index.php?rest_route=\/wp\/v2\/pages\/48"}],"wp:attachment":[{"href":"http:\/\/www.hldc.ch\/index.php?rest_route=%2Fwp%2Fv2%2Fmedia&parent=74"}],"curies":[{"name":"wp","href":"https:\/\/api.w.org\/{rel}","templated":true}]}}