{"id":78,"date":"2016-12-13T13:55:25","date_gmt":"2016-12-13T12:55:25","guid":{"rendered":"http:\/\/wl58www698.webland.ch\/?page_id=78"},"modified":"2025-08-31T13:32:40","modified_gmt":"2025-08-31T11:32:40","slug":"niesen-open","status":"publish","type":"page","link":"http:\/\/www.hldc.ch\/?page_id=78","title":{"rendered":"Highland Open 2025"},"content":{"rendered":"\n<figure class=\"wp-block-video\"><video autoplay controls loop src=\"http:\/\/www.hldc.ch\/wp-content\/uploads\/2025\/08\/HO2025.mp4\" playsinline><\/video><\/figure>\n\n\n<table style=\"border: 0px currentColor;\" cellspacing=\"10\" cellpadding=\"0\">\n<tbody>\n<tr>\n<td valign=\"top\"><strong>Wann<\/strong><\/td>\n<td>Samstag, 1. November 2025<\/td>\n<\/tr>\n<tr>\n<td valign=\"top\"><strong>Wo<\/strong><\/td>\n<td>Kandersteg International Scout Center (KISC), <a href=\"https:\/\/www.google.ch\/maps\/place\/Moosweidweg+12a,+3718+Kandersteg\/@46.4826633,7.6658494,229m\/data=!3m1!1e3!4m17!1m10!3m9!1s0x478f042dd779cbf5:0x49ce5a4d9d36b754!2sKandersteg+International+Scout+Centre!5m2!4m1!1i2!8m2!3d46.483382!4d7.663972!16zL20vMDZzd3Q0!3m5!1s0x478f042d829d08ff:0xb3500ac596f14388!8m2!3d46.4818791!4d7.6662319!16s%2Fg%2F11wtkq12yj?entry=ttu&amp;g_ep=EgoyMDI0MTIxMS4wIKXMDSoASAFQAw%3D%3D\" target=\"_blank\" rel=\"noopener\">Google Maps -&gt; KISC in Kandersteg<\/a><\/td>\n<\/tr>\n<tr>\n<td valign=\"top\"><strong>Anreise<\/strong><\/td>\n<td>Mit dem Auto nach Kandersteg fahren in Richtung Sunnb\u00fcel. Beim KISC vor der Br\u00fccke links abbiegen zum Camping:\u00a0 Mit dem Zug bis Kandersteg fahren<span class=\"mod_timetable_stage_direction\">.<\/span><\/td>\n<\/tr>\n<tr>\n<td valign=\"top\"><strong>Anmeldung<\/strong><\/td>\n<td>Die Anmeldung ist offen:<br \/><a href=\"https:\/\/discgolfmetrix.com\/3232400\" target=\"_blank\" rel=\"noopener\">Metrix<\/a><\/td>\n<\/tr>\n<tr>\n<td valign=\"top\"><strong>Mittagessen<\/strong><\/td>\n<td>Warmes Mittagessen CHF 15.&#8211;<\/td>\n<\/tr>\n<tr>\n<td valign=\"top\"><strong>Startgeld<\/strong><\/td>\n<td>CHF 20.&#8211;<br \/>Bitte mit TWINT bezahlen oder in ein K\u00e4sseli (Kein R\u00fcckgeld).<\/td>\n<\/tr>\n<tr>\n<td valign=\"top\"><strong>Infrastruktur<\/strong><\/td>\n<td>Parkpl\u00e4tze und eine Toilette sind auf dem Gel\u00e4nde vorhanden.<br \/>Parkpl\u00e4tze: bitte beachtet die Vorgaben des KISC.<\/td>\n<\/tr>\n<tr>\n<td valign=\"top\"><strong>Zeitplan am Turnier<br \/>(provisorisch)<br \/><\/strong><\/td>\n<td>Samstag<br \/>08.30h Registration offen<br \/>09.00h Registration geschlossen<br \/>09.10h Meeting<br \/>09.30h Start Runde 1<br \/>12.00h Mittagessen<br \/>13:00h bzw. 1h nach R\u00fcckkehr der letzten Gruppe; Start Runde 2<br \/>anschliessend Rangverk\u00fcndigung<\/td>\n<\/tr>\n<tr>\n<td valign=\"top\"><strong>Parcoursplan<\/strong><\/td>\n<td>Auf Discgolfmetrix [ <a href=\"https:\/\/discgolfmetrix.com\/?u=map&amp;ID=42316\" target=\"_blank\" rel=\"noopener\">Metrix<\/a> ] verf\u00fcgbar: <br \/>Eigenes PDF: [ <a href=\"http:\/\/www.hldc.ch\/wp-content\/uploads\/2025\/08\/Parcoursplan-Highland-Open-2025.pdf\" target=\"_blank\" rel=\"noopener\">Parcoursplan<\/a> ]<br \/>\u00c4nderungen bleiben vorbehalten.<\/td>\n<\/tr>\n<tr>\n<td valign=\"top\"><strong>Wettervorhersage<\/strong><\/td>\n<td>Von Schneefall bis strahlend blauem Himmel ist alles m\u00f6glich.<\/td>\n<\/tr>\n<\/tbody>\n<\/table>\n<p>HLDC beh\u00e4lt sich das Recht vor, auf den Veranstaltungen Bild- und Tonaufnahmen zu machen bzw. diese durch Dritte machen zu lassen und die entstandenen Aufnahmen zu Zwecken der Presse- und \u00d6ffentlichkeitsarbeit sowie zu Vermarktungszwecken einzusetzen. Die Teilnehmer d\u00fcrfen selbstgemachte Aufnahmen nur f\u00fcr private Zwecke verwenden<\/p>","protected":false},"excerpt":{"rendered":"<p>Wann Samstag, 1. November 2025 Wo Kandersteg International Scout Center (KISC), Google Maps -&gt; KISC in Kandersteg Anreise Mit dem Auto nach Kandersteg fahren in Richtung Sunnb\u00fcel. Beim KISC vor der Br\u00fccke links abbiegen zum Camping:\u00a0 Mit dem Zug bis Kandersteg fahren. Anmeldung Die Anmeldung ist offen:Metrix Mittagessen Warmes Mittagessen CHF 15.&#8211; Startgeld CHF 20.&#8211;Bitte [&hellip;]<\/p>\n","protected":false},"author":1,"featured_media":0,"parent":48,"menu_order":20,"comment_status":"closed","ping_status":"closed","template":"","meta":{"footnotes":""},"class_list":["post-78","page","type-page","status-publish","hentry"],"_links":{"self":[{"href":"http:\/\/www.hldc.ch\/index.php?rest_route=\/wp\/v2\/pages\/78","targetHints":{"allow":["GET"]}}],"collection":[{"href":"http:\/\/www.hldc.ch\/index.php?rest_route=\/wp\/v2\/pages"}],"about":[{"href":"http:\/\/www.hldc.ch\/index.php?rest_route=\/wp\/v2\/types\/page"}],"author":[{"embeddable":true,"href":"http:\/\/www.hldc.ch\/index.php?rest_route=\/wp\/v2\/users\/1"}],"replies":[{"embeddable":true,"href":"http:\/\/www.hldc.ch\/index.php?rest_route=%2Fwp%2Fv2%2Fcomments&post=78"}],"version-history":[{"count":55,"href":"http:\/\/www.hldc.ch\/index.php?rest_route=\/wp\/v2\/pages\/78\/revisions"}],"predecessor-version":[{"id":652,"href":"http:\/\/www.hldc.ch\/index.php?rest_route=\/wp\/v2\/pages\/78\/revisions\/652"}],"up":[{"embeddable":true,"href":"http:\/\/www.hldc.ch\/index.php?rest_route=\/wp\/v2\/pages\/48"}],"wp:attachment":[{"href":"http:\/\/www.hldc.ch\/index.php?rest_route=%2Fwp%2Fv2%2Fmedia&parent=78"}],"curies":[{"name":"wp","href":"https:\/\/api.w.org\/{rel}","templated":true}]}}