{"id":9,"date":"2016-12-11T20:20:15","date_gmt":"2016-12-11T19:20:15","guid":{"rendered":"http:\/\/wl58www698.webland.ch\/?page_id=9"},"modified":"2016-12-31T19:49:06","modified_gmt":"2016-12-31T18:49:06","slug":"testseite-spieler","status":"publish","type":"page","link":"http:\/\/www.hldc.ch\/?page_id=9","title":{"rendered":"Was ist Discgolf?"},"content":{"rendered":"<p>Verr\u00fcckte Freizeit-Freaks aus den USA entwickelten in den fr\u00fchen 70-er Jahren diese Sportart, die sich heute Discgolf nennt. Der eigentliche Grundstein f\u00fcr den Discgolf-Sport wurde mit der Patentierung des ersten Zielkorbes mit Fangketten und der Er\u00f6ffnung des ersten Parcours im Jahre 1978 in Oak Grove, Kalifornien gelegt. Seit diesem Zeitpunkt konnten auf der ganzen Welt in vielen \u00f6ffentlichen Parks unz\u00e4hlige Discgolf-Anlagen der \u00d6ffentlichkeit zur Verf\u00fcgung gestellt werden. In der Schweiz existieren zur Zeit in \u00f6ffentlichen Gr\u00fcnanlagen 16 Parcours.<\/p>\n<p>Das Ziel des Spiels ist einen Parcours (meist 12 oder 18 Bahnen) mit so wenigen W\u00fcrfen wie m\u00f6glich durchzuspielen. Jede Bahn besitzt eine Abwurfstelle = Tee (Nummertafel und Balken) und ein Ziel = Basket (Auffangkorb). Eine Bahn ist beendet, wenn die Scheibe im Korb \u201eeingelocht\u201c worden ist. Die Ketten am Korb sind dazu da, den Flug der Scheibe zu stoppen; damit diese in den darunter liegenden Korb f\u00e4llt. Im Gegensatz zum Ball-Golf wird die Lage nach jedem Wurf neu markiert, d.h. der Spieler kann dabei auch die Scheibe wechseln. Zur Markierung verwendet der Discgolfer eine kleine Mini-Disc. Die einzelnen Bahnen eines Parcours sind je nach Parcours-Typ (Anf\u00e4nger bis Pro) zwischen 80 und 250 Meter lang. Die Schwierigkeit einer Bahn ergibt sich aber nicht nur aus der L\u00e4nge, sondern auch durch allf\u00e4llige Hindernisse aus dem Gel\u00e4nde (B\u00e4ume, B\u00fcsche oder Topographie des Gel\u00e4ndes).<\/p>\n<p>Mit den Discgolf-Parcours wurden dann auch Clubs und nationale Verb\u00e4nde ins Leben gerufen. Die Swiss-Discgolf- Association (schweizerischer Discgolf-Verband) wurde im Jahre 1984 gegr\u00fcndet und z\u00e4hlt heute 200 aktive Mitglieder. Die Zahl der Freizeit-Discgolfer wird weltweit auf einige Millionen gesch\u00e4tzt und der Trend steigt mit jeder neu er\u00f6ffneten Anlage.<\/p>\n","protected":false},"excerpt":{"rendered":"<p>Verr\u00fcckte Freizeit-Freaks aus den USA entwickelten in den fr\u00fchen 70-er Jahren diese Sportart, die sich heute Discgolf nennt. Der eigentliche Grundstein f\u00fcr den Discgolf-Sport wurde mit der Patentierung des ersten Zielkorbes mit Fangketten und der Er\u00f6ffnung des ersten Parcours im Jahre 1978 in Oak Grove, Kalifornien gelegt. Seit diesem Zeitpunkt konnten auf der ganzen Welt [&hellip;]<\/p>\n","protected":false},"author":1,"featured_media":0,"parent":0,"menu_order":10,"comment_status":"closed","ping_status":"closed","template":"","meta":{"footnotes":""},"class_list":["post-9","page","type-page","status-publish","hentry"],"_links":{"self":[{"href":"http:\/\/www.hldc.ch\/index.php?rest_route=\/wp\/v2\/pages\/9","targetHints":{"allow":["GET"]}}],"collection":[{"href":"http:\/\/www.hldc.ch\/index.php?rest_route=\/wp\/v2\/pages"}],"about":[{"href":"http:\/\/www.hldc.ch\/index.php?rest_route=\/wp\/v2\/types\/page"}],"author":[{"embeddable":true,"href":"http:\/\/www.hldc.ch\/index.php?rest_route=\/wp\/v2\/users\/1"}],"replies":[{"embeddable":true,"href":"http:\/\/www.hldc.ch\/index.php?rest_route=%2Fwp%2Fv2%2Fcomments&post=9"}],"version-history":[{"count":4,"href":"http:\/\/www.hldc.ch\/index.php?rest_route=\/wp\/v2\/pages\/9\/revisions"}],"predecessor-version":[{"id":186,"href":"http:\/\/www.hldc.ch\/index.php?rest_route=\/wp\/v2\/pages\/9\/revisions\/186"}],"wp:attachment":[{"href":"http:\/\/www.hldc.ch\/index.php?rest_route=%2Fwp%2Fv2%2Fmedia&parent=9"}],"curies":[{"name":"wp","href":"https:\/\/api.w.org\/{rel}","templated":true}]}}